{"id":63,"date":"2025-09-12T08:23:36","date_gmt":"2025-09-12T08:23:36","guid":{"rendered":"https:\/\/vsegroup.vn\/index.php\/san-pham\/samsung-vertical\/"},"modified":"2025-09-15T04:50:06","modified_gmt":"2025-09-15T04:50:06","slug":"samsung-vertical","status":"publish","type":"product","link":"https:\/\/vsegroup.vn\/index.php\/san-pham\/samsung-vertical\/","title":{"rendered":"Samsung Vertical"},"content":{"rendered":"<p>Capacity: 30 Liters<br \/>\nSpecial Feature: Digital Touch Panel + Timer<br \/>\nLorem ipsum dolor sit amet, consectetur adipiscing elit, sed do eiusmod tempor incididunt ut labore Lorem ipsum dolor sit amet, consectetur adipiscing elit, sed do&#8230;<\/p>\n<div style=\"display: none;\"><\/div>\n<div class=\"cbu-aibuy-login\"><\/div>\n<div class=\"1688-aibuy-drawer\"><\/div>\n<div class=\"1688-aibuy-search-icon\" style=\"display: none;\">\n<div class=\"cbu-aibuy-trigger-btn-container \">\n<div class=\"aibuy-trigger-btn-wrapper\"><img decoding=\"async\" src=\"chrome-extension:\/\/ecpkhbhhpfjkkcedaejmpaabpdgcaegc\/assets\/search-image-icon.png\" alt=\"\" \/><\/div>\n<div class=\"aibuy-trigger-btn-text\"><img decoding=\"async\" src=\"chrome-extension:\/\/ecpkhbhhpfjkkcedaejmpaabpdgcaegc\/assets\/search-image-text-icon.png\" alt=\"\" \/><\/div>\n<\/div>\n<\/div>\n<div class=\"1688-aibuy-screenshot\"><\/div>\n","protected":false},"excerpt":{"rendered":"<p>&nbsp;<\/p>\n<div style=\"display: none;\"><\/div>\n<div class=\"cbu-aibuy-login\"><\/div>\n<div class=\"1688-aibuy-drawer\"><\/div>\n<div class=\"1688-aibuy-search-icon\" style=\"display: none;\">\n<div class=\"cbu-aibuy-trigger-btn-container \">\n<div class=\"aibuy-trigger-btn-wrapper\"><img decoding=\"async\" src=\"chrome-extension:\/\/ecpkhbhhpfjkkcedaejmpaabpdgcaegc\/assets\/search-image-icon.png\" alt=\"\" \/><\/div>\n<div class=\"aibuy-trigger-btn-text\"><img decoding=\"async\" src=\"chrome-extension:\/\/ecpkhbhhpfjkkcedaejmpaabpdgcaegc\/assets\/search-image-text-icon.png\" alt=\"\" \/><\/div>\n<\/div>\n<\/div>\n<div class=\"1688-aibuy-screenshot\"><\/div>\n","protected":false},"featured_media":64,"comment_status":"open","ping_status":"closed","template":"","meta":{"_bbp_topic_count":0,"_bbp_reply_count":0,"_bbp_total_topic_count":0,"_bbp_total_reply_count":0,"_bbp_voice_count":0,"_bbp_anonymous_reply_count":0,"_bbp_topic_count_hidden":0,"_bbp_reply_count_hidden":0,"_bbp_forum_subforum_count":0},"product_brand":[],"product_cat":[16,20,15,21,18,17,19],"product_tag":[],"class_list":{"0":"post-63","1":"product","2":"type-product","3":"status-publish","4":"has-post-thumbnail","6":"product_cat-ampli","7":"product_cat-bo-giai-ma-dac","8":"product_cat-chua-phan-loai","9":"product_cat-cu-loa","10":"product_cat-day-loa-day-tin-hieu-day-nguon","11":"product_cat-mach-phan-tan-cho-loa","12":"product_cat-phu-kien-am-thanh","14":"first","15":"instock","16":"sale","17":"taxable","18":"shipping-taxable","19":"purchasable","20":"product-type-simple"},"yoast_head":"<!-- This site is optimized with the Yoast SEO plugin v25.9 - https:\/\/yoast.com\/wordpress\/plugins\/seo\/ -->\n<title>Samsung Vertical - Di\u1ec5n \u0111\u00e0n c\u00f4ng ngh\u1ec7 h\u00e0ng \u0111\u1ea7u Vi\u1ec7t Nam<\/title>\n<meta name=\"robots\" content=\"index, follow, max-snippet:-1, max-image-preview:large, max-video-preview:-1\" \/>\n<link rel=\"canonical\" href=\"https:\/\/vsegroup.vn\/index.php\/san-pham\/samsung-vertical\/\" \/>\n<meta property=\"og:locale\" content=\"vi_VN\" \/>\n<meta property=\"og:type\" content=\"article\" \/>\n<meta property=\"og:title\" content=\"Samsung Vertical - Di\u1ec5n \u0111\u00e0n c\u00f4ng ngh\u1ec7 h\u00e0ng \u0111\u1ea7u Vi\u1ec7t Nam\" \/>\n<meta property=\"og:description\" content=\"&nbsp;\" \/>\n<meta property=\"og:url\" content=\"https:\/\/vsegroup.vn\/index.php\/san-pham\/samsung-vertical\/\" \/>\n<meta property=\"og:site_name\" content=\"Di\u1ec5n \u0111\u00e0n c\u00f4ng ngh\u1ec7 h\u00e0ng \u0111\u1ea7u Vi\u1ec7t Nam\" \/>\n<meta property=\"article:modified_time\" content=\"2025-09-15T04:50:06+00:00\" \/>\n<meta name=\"twitter:card\" content=\"summary_large_image\" \/>\n<script type=\"application\/ld+json\" class=\"yoast-schema-graph\">{\"@context\":\"https:\/\/schema.org\",\"@graph\":[{\"@type\":\"WebPage\",\"@id\":\"https:\/\/vsegroup.vn\/index.php\/san-pham\/samsung-vertical\/\",\"url\":\"https:\/\/vsegroup.vn\/index.php\/san-pham\/samsung-vertical\/\",\"name\":\"Samsung Vertical - Di\u1ec5n \u0111\u00e0n c\u00f4ng ngh\u1ec7 h\u00e0ng \u0111\u1ea7u Vi\u1ec7t Nam\",\"isPartOf\":{\"@id\":\"https:\/\/vsegroup.vn\/#website\"},\"primaryImageOfPage\":{\"@id\":\"https:\/\/vsegroup.vn\/index.php\/san-pham\/samsung-vertical\/#primaryimage\"},\"image\":{\"@id\":\"https:\/\/vsegroup.vn\/index.php\/san-pham\/samsung-vertical\/#primaryimage\"},\"thumbnailUrl\":\"https:\/\/vsegroup.vn\/wp-content\/uploads\/2025\/09\/Samsung-Vertical1.png\",\"datePublished\":\"2025-09-12T08:23:36+00:00\",\"dateModified\":\"2025-09-15T04:50:06+00:00\",\"breadcrumb\":{\"@id\":\"https:\/\/vsegroup.vn\/index.php\/san-pham\/samsung-vertical\/#breadcrumb\"},\"inLanguage\":\"vi\",\"potentialAction\":[{\"@type\":\"ReadAction\",\"target\":[\"https:\/\/vsegroup.vn\/index.php\/san-pham\/samsung-vertical\/\"]}]},{\"@type\":\"ImageObject\",\"inLanguage\":\"vi\",\"@id\":\"https:\/\/vsegroup.vn\/index.php\/san-pham\/samsung-vertical\/#primaryimage\",\"url\":\"https:\/\/vsegroup.vn\/wp-content\/uploads\/2025\/09\/Samsung-Vertical1.png\",\"contentUrl\":\"https:\/\/vsegroup.vn\/wp-content\/uploads\/2025\/09\/Samsung-Vertical1.png\",\"width\":450,\"height\":370},{\"@type\":\"BreadcrumbList\",\"@id\":\"https:\/\/vsegroup.vn\/index.php\/san-pham\/samsung-vertical\/#breadcrumb\",\"itemListElement\":[{\"@type\":\"ListItem\",\"position\":1,\"name\":\"Trang ch\u1ee7\",\"item\":\"https:\/\/vsegroup.vn\/\"},{\"@type\":\"ListItem\",\"position\":2,\"name\":\"C\u1eeda h\u00e0ng\",\"item\":\"https:\/\/vsegroup.vn\/index.php\/cua-hang\/\"},{\"@type\":\"ListItem\",\"position\":3,\"name\":\"Samsung Vertical\"}]},{\"@type\":\"WebSite\",\"@id\":\"https:\/\/vsegroup.vn\/#website\",\"url\":\"https:\/\/vsegroup.vn\/\",\"name\":\"Di\u1ec5n \u0111\u00e0n c\u00f4ng ngh\u1ec7 h\u00e0ng \u0111\u1ea7u Vi\u1ec7t Nam\",\"description\":\"\",\"potentialAction\":[{\"@type\":\"SearchAction\",\"target\":{\"@type\":\"EntryPoint\",\"urlTemplate\":\"https:\/\/vsegroup.vn\/?s={search_term_string}\"},\"query-input\":{\"@type\":\"PropertyValueSpecification\",\"valueRequired\":true,\"valueName\":\"search_term_string\"}}],\"inLanguage\":\"vi\"}]}<\/script>\n<!-- \/ Yoast SEO plugin. -->","yoast_head_json":{"title":"Samsung Vertical - Di\u1ec5n \u0111\u00e0n c\u00f4ng ngh\u1ec7 h\u00e0ng \u0111\u1ea7u Vi\u1ec7t Nam","robots":{"index":"index","follow":"follow","max-snippet":"max-snippet:-1","max-image-preview":"max-image-preview:large","max-video-preview":"max-video-preview:-1"},"canonical":"https:\/\/vsegroup.vn\/index.php\/san-pham\/samsung-vertical\/","og_locale":"vi_VN","og_type":"article","og_title":"Samsung Vertical - Di\u1ec5n \u0111\u00e0n c\u00f4ng ngh\u1ec7 h\u00e0ng \u0111\u1ea7u Vi\u1ec7t Nam","og_description":"&nbsp;","og_url":"https:\/\/vsegroup.vn\/index.php\/san-pham\/samsung-vertical\/","og_site_name":"Di\u1ec5n \u0111\u00e0n c\u00f4ng ngh\u1ec7 h\u00e0ng \u0111\u1ea7u Vi\u1ec7t Nam","article_modified_time":"2025-09-15T04:50:06+00:00","twitter_card":"summary_large_image","schema":{"@context":"https:\/\/schema.org","@graph":[{"@type":"WebPage","@id":"https:\/\/vsegroup.vn\/index.php\/san-pham\/samsung-vertical\/","url":"https:\/\/vsegroup.vn\/index.php\/san-pham\/samsung-vertical\/","name":"Samsung Vertical - Di\u1ec5n \u0111\u00e0n c\u00f4ng ngh\u1ec7 h\u00e0ng \u0111\u1ea7u Vi\u1ec7t Nam","isPartOf":{"@id":"https:\/\/vsegroup.vn\/#website"},"primaryImageOfPage":{"@id":"https:\/\/vsegroup.vn\/index.php\/san-pham\/samsung-vertical\/#primaryimage"},"image":{"@id":"https:\/\/vsegroup.vn\/index.php\/san-pham\/samsung-vertical\/#primaryimage"},"thumbnailUrl":"https:\/\/vsegroup.vn\/wp-content\/uploads\/2025\/09\/Samsung-Vertical1.png","datePublished":"2025-09-12T08:23:36+00:00","dateModified":"2025-09-15T04:50:06+00:00","breadcrumb":{"@id":"https:\/\/vsegroup.vn\/index.php\/san-pham\/samsung-vertical\/#breadcrumb"},"inLanguage":"vi","potentialAction":[{"@type":"ReadAction","target":["https:\/\/vsegroup.vn\/index.php\/san-pham\/samsung-vertical\/"]}]},{"@type":"ImageObject","inLanguage":"vi","@id":"https:\/\/vsegroup.vn\/index.php\/san-pham\/samsung-vertical\/#primaryimage","url":"https:\/\/vsegroup.vn\/wp-content\/uploads\/2025\/09\/Samsung-Vertical1.png","contentUrl":"https:\/\/vsegroup.vn\/wp-content\/uploads\/2025\/09\/Samsung-Vertical1.png","width":450,"height":370},{"@type":"BreadcrumbList","@id":"https:\/\/vsegroup.vn\/index.php\/san-pham\/samsung-vertical\/#breadcrumb","itemListElement":[{"@type":"ListItem","position":1,"name":"Trang ch\u1ee7","item":"https:\/\/vsegroup.vn\/"},{"@type":"ListItem","position":2,"name":"C\u1eeda h\u00e0ng","item":"https:\/\/vsegroup.vn\/index.php\/cua-hang\/"},{"@type":"ListItem","position":3,"name":"Samsung Vertical"}]},{"@type":"WebSite","@id":"https:\/\/vsegroup.vn\/#website","url":"https:\/\/vsegroup.vn\/","name":"Di\u1ec5n \u0111\u00e0n c\u00f4ng ngh\u1ec7 h\u00e0ng \u0111\u1ea7u Vi\u1ec7t Nam","description":"","potentialAction":[{"@type":"SearchAction","target":{"@type":"EntryPoint","urlTemplate":"https:\/\/vsegroup.vn\/?s={search_term_string}"},"query-input":{"@type":"PropertyValueSpecification","valueRequired":true,"valueName":"search_term_string"}}],"inLanguage":"vi"}]}},"_links":{"self":[{"href":"https:\/\/vsegroup.vn\/index.php\/wp-json\/wp\/v2\/product\/63","targetHints":{"allow":["GET"]}}],"collection":[{"href":"https:\/\/vsegroup.vn\/index.php\/wp-json\/wp\/v2\/product"}],"about":[{"href":"https:\/\/vsegroup.vn\/index.php\/wp-json\/wp\/v2\/types\/product"}],"replies":[{"embeddable":true,"href":"https:\/\/vsegroup.vn\/index.php\/wp-json\/wp\/v2\/comments?post=63"}],"version-history":[{"count":0,"href":"https:\/\/vsegroup.vn\/index.php\/wp-json\/wp\/v2\/product\/63\/revisions"}],"wp:featuredmedia":[{"embeddable":true,"href":"https:\/\/vsegroup.vn\/index.php\/wp-json\/wp\/v2\/media\/64"}],"wp:attachment":[{"href":"https:\/\/vsegroup.vn\/index.php\/wp-json\/wp\/v2\/media?parent=63"}],"wp:term":[{"taxonomy":"product_brand","embeddable":true,"href":"https:\/\/vsegroup.vn\/index.php\/wp-json\/wp\/v2\/product_brand?post=63"},{"taxonomy":"product_cat","embeddable":true,"href":"https:\/\/vsegroup.vn\/index.php\/wp-json\/wp\/v2\/product_cat?post=63"},{"taxonomy":"product_tag","embeddable":true,"href":"https:\/\/vsegroup.vn\/index.php\/wp-json\/wp\/v2\/product_tag?post=63"}],"curies":[{"name":"wp","href":"https:\/\/api.w.org\/{rel}","templated":true}]}}