{"id":42,"date":"2025-09-12T08:23:24","date_gmt":"2025-09-12T08:23:24","guid":{"rendered":"https:\/\/vsegroup.vn\/index.php\/san-pham\/beats-headphones\/"},"modified":"2025-09-12T08:23:25","modified_gmt":"2025-09-12T08:23:25","slug":"beats-headphones","status":"publish","type":"product","link":"https:\/\/vsegroup.vn\/index.php\/san-pham\/beats-headphones\/","title":{"rendered":"Beats Headphones"},"content":{"rendered":"<p>Capacity: 30 Liters<br \/>\n\t\t\tSpecial Feature: Digital Touch Panel + Timer<br \/>\n\t\t\tLorem ipsum dolor sit amet, consectetur adipiscing elit, sed do eiusmod tempor incididunt ut labore Lorem ipsum dolor sit amet, consectetur adipiscing elit, sed do&#8230;<\/p>\n","protected":false},"excerpt":{"rendered":"<p>Capacity: 30 Liters Special Feature: Digital Touch Panel + Timer Lorem ipsum dolor sit amet, consectetur adipiscing elit, sed do eiusmod tempor incididunt ut labore Lorem ipsum dolor sit amet, consectetur adipiscing elit, sed do&#8230;<\/p>\n","protected":false},"featured_media":43,"comment_status":"open","ping_status":"closed","template":"","meta":{"_bbp_topic_count":0,"_bbp_reply_count":0,"_bbp_total_topic_count":0,"_bbp_total_reply_count":0,"_bbp_voice_count":0,"_bbp_anonymous_reply_count":0,"_bbp_topic_count_hidden":0,"_bbp_reply_count_hidden":0,"_bbp_forum_subforum_count":0},"product_brand":[],"product_cat":[18],"product_tag":[],"class_list":{"0":"post-42","1":"product","2":"type-product","3":"status-publish","4":"has-post-thumbnail","6":"product_cat-day-loa-day-tin-hieu-day-nguon","8":"first","9":"instock","10":"sale","11":"taxable","12":"shipping-taxable","13":"purchasable","14":"product-type-simple"},"yoast_head":"<!-- This site is optimized with the Yoast SEO plugin v25.9 - https:\/\/yoast.com\/wordpress\/plugins\/seo\/ -->\n<title>Beats Headphones - Di\u1ec5n \u0111\u00e0n c\u00f4ng ngh\u1ec7 h\u00e0ng \u0111\u1ea7u Vi\u1ec7t Nam<\/title>\n<meta name=\"robots\" content=\"index, follow, max-snippet:-1, max-image-preview:large, max-video-preview:-1\" \/>\n<link rel=\"canonical\" href=\"https:\/\/vsegroup.vn\/index.php\/san-pham\/beats-headphones\/\" \/>\n<meta property=\"og:locale\" content=\"vi_VN\" \/>\n<meta property=\"og:type\" content=\"article\" \/>\n<meta property=\"og:title\" content=\"Beats Headphones - Di\u1ec5n \u0111\u00e0n c\u00f4ng ngh\u1ec7 h\u00e0ng \u0111\u1ea7u Vi\u1ec7t Nam\" \/>\n<meta property=\"og:description\" content=\"Capacity: 30 Liters Special Feature: Digital Touch Panel + Timer Lorem ipsum dolor sit amet, consectetur adipiscing elit, sed do eiusmod tempor incididunt ut labore Lorem ipsum dolor sit amet, consectetur adipiscing elit, sed do&#8230;\" \/>\n<meta property=\"og:url\" content=\"https:\/\/vsegroup.vn\/index.php\/san-pham\/beats-headphones\/\" \/>\n<meta property=\"og:site_name\" content=\"Di\u1ec5n \u0111\u00e0n c\u00f4ng ngh\u1ec7 h\u00e0ng \u0111\u1ea7u Vi\u1ec7t Nam\" \/>\n<meta property=\"article:modified_time\" content=\"2025-09-12T08:23:25+00:00\" \/>\n<meta name=\"twitter:card\" content=\"summary_large_image\" \/>\n<script type=\"application\/ld+json\" class=\"yoast-schema-graph\">{\"@context\":\"https:\/\/schema.org\",\"@graph\":[{\"@type\":\"WebPage\",\"@id\":\"https:\/\/vsegroup.vn\/index.php\/san-pham\/beats-headphones\/\",\"url\":\"https:\/\/vsegroup.vn\/index.php\/san-pham\/beats-headphones\/\",\"name\":\"Beats Headphones - Di\u1ec5n \u0111\u00e0n c\u00f4ng ngh\u1ec7 h\u00e0ng \u0111\u1ea7u Vi\u1ec7t Nam\",\"isPartOf\":{\"@id\":\"https:\/\/vsegroup.vn\/#website\"},\"primaryImageOfPage\":{\"@id\":\"https:\/\/vsegroup.vn\/index.php\/san-pham\/beats-headphones\/#primaryimage\"},\"image\":{\"@id\":\"https:\/\/vsegroup.vn\/index.php\/san-pham\/beats-headphones\/#primaryimage\"},\"thumbnailUrl\":\"https:\/\/vsegroup.vn\/wp-content\/uploads\/2025\/09\/Beats-Headphones1.png\",\"datePublished\":\"2025-09-12T08:23:24+00:00\",\"dateModified\":\"2025-09-12T08:23:25+00:00\",\"breadcrumb\":{\"@id\":\"https:\/\/vsegroup.vn\/index.php\/san-pham\/beats-headphones\/#breadcrumb\"},\"inLanguage\":\"vi\",\"potentialAction\":[{\"@type\":\"ReadAction\",\"target\":[\"https:\/\/vsegroup.vn\/index.php\/san-pham\/beats-headphones\/\"]}]},{\"@type\":\"ImageObject\",\"inLanguage\":\"vi\",\"@id\":\"https:\/\/vsegroup.vn\/index.php\/san-pham\/beats-headphones\/#primaryimage\",\"url\":\"https:\/\/vsegroup.vn\/wp-content\/uploads\/2025\/09\/Beats-Headphones1.png\",\"contentUrl\":\"https:\/\/vsegroup.vn\/wp-content\/uploads\/2025\/09\/Beats-Headphones1.png\",\"width\":450,\"height\":370},{\"@type\":\"BreadcrumbList\",\"@id\":\"https:\/\/vsegroup.vn\/index.php\/san-pham\/beats-headphones\/#breadcrumb\",\"itemListElement\":[{\"@type\":\"ListItem\",\"position\":1,\"name\":\"Trang ch\u1ee7\",\"item\":\"https:\/\/vsegroup.vn\/\"},{\"@type\":\"ListItem\",\"position\":2,\"name\":\"C\u1eeda h\u00e0ng\",\"item\":\"https:\/\/vsegroup.vn\/index.php\/cua-hang\/\"},{\"@type\":\"ListItem\",\"position\":3,\"name\":\"Beats Headphones\"}]},{\"@type\":\"WebSite\",\"@id\":\"https:\/\/vsegroup.vn\/#website\",\"url\":\"https:\/\/vsegroup.vn\/\",\"name\":\"Di\u1ec5n \u0111\u00e0n c\u00f4ng ngh\u1ec7 h\u00e0ng \u0111\u1ea7u Vi\u1ec7t Nam\",\"description\":\"\",\"potentialAction\":[{\"@type\":\"SearchAction\",\"target\":{\"@type\":\"EntryPoint\",\"urlTemplate\":\"https:\/\/vsegroup.vn\/?s={search_term_string}\"},\"query-input\":{\"@type\":\"PropertyValueSpecification\",\"valueRequired\":true,\"valueName\":\"search_term_string\"}}],\"inLanguage\":\"vi\"}]}<\/script>\n<!-- \/ Yoast SEO plugin. -->","yoast_head_json":{"title":"Beats Headphones - Di\u1ec5n \u0111\u00e0n c\u00f4ng ngh\u1ec7 h\u00e0ng \u0111\u1ea7u Vi\u1ec7t Nam","robots":{"index":"index","follow":"follow","max-snippet":"max-snippet:-1","max-image-preview":"max-image-preview:large","max-video-preview":"max-video-preview:-1"},"canonical":"https:\/\/vsegroup.vn\/index.php\/san-pham\/beats-headphones\/","og_locale":"vi_VN","og_type":"article","og_title":"Beats Headphones - Di\u1ec5n \u0111\u00e0n c\u00f4ng ngh\u1ec7 h\u00e0ng \u0111\u1ea7u Vi\u1ec7t Nam","og_description":"Capacity: 30 Liters Special Feature: Digital Touch Panel + Timer Lorem ipsum dolor sit amet, consectetur adipiscing elit, sed do eiusmod tempor incididunt ut labore Lorem ipsum dolor sit amet, consectetur adipiscing elit, sed do&#8230;","og_url":"https:\/\/vsegroup.vn\/index.php\/san-pham\/beats-headphones\/","og_site_name":"Di\u1ec5n \u0111\u00e0n c\u00f4ng ngh\u1ec7 h\u00e0ng \u0111\u1ea7u Vi\u1ec7t Nam","article_modified_time":"2025-09-12T08:23:25+00:00","twitter_card":"summary_large_image","schema":{"@context":"https:\/\/schema.org","@graph":[{"@type":"WebPage","@id":"https:\/\/vsegroup.vn\/index.php\/san-pham\/beats-headphones\/","url":"https:\/\/vsegroup.vn\/index.php\/san-pham\/beats-headphones\/","name":"Beats Headphones - Di\u1ec5n \u0111\u00e0n c\u00f4ng ngh\u1ec7 h\u00e0ng \u0111\u1ea7u Vi\u1ec7t Nam","isPartOf":{"@id":"https:\/\/vsegroup.vn\/#website"},"primaryImageOfPage":{"@id":"https:\/\/vsegroup.vn\/index.php\/san-pham\/beats-headphones\/#primaryimage"},"image":{"@id":"https:\/\/vsegroup.vn\/index.php\/san-pham\/beats-headphones\/#primaryimage"},"thumbnailUrl":"https:\/\/vsegroup.vn\/wp-content\/uploads\/2025\/09\/Beats-Headphones1.png","datePublished":"2025-09-12T08:23:24+00:00","dateModified":"2025-09-12T08:23:25+00:00","breadcrumb":{"@id":"https:\/\/vsegroup.vn\/index.php\/san-pham\/beats-headphones\/#breadcrumb"},"inLanguage":"vi","potentialAction":[{"@type":"ReadAction","target":["https:\/\/vsegroup.vn\/index.php\/san-pham\/beats-headphones\/"]}]},{"@type":"ImageObject","inLanguage":"vi","@id":"https:\/\/vsegroup.vn\/index.php\/san-pham\/beats-headphones\/#primaryimage","url":"https:\/\/vsegroup.vn\/wp-content\/uploads\/2025\/09\/Beats-Headphones1.png","contentUrl":"https:\/\/vsegroup.vn\/wp-content\/uploads\/2025\/09\/Beats-Headphones1.png","width":450,"height":370},{"@type":"BreadcrumbList","@id":"https:\/\/vsegroup.vn\/index.php\/san-pham\/beats-headphones\/#breadcrumb","itemListElement":[{"@type":"ListItem","position":1,"name":"Trang ch\u1ee7","item":"https:\/\/vsegroup.vn\/"},{"@type":"ListItem","position":2,"name":"C\u1eeda h\u00e0ng","item":"https:\/\/vsegroup.vn\/index.php\/cua-hang\/"},{"@type":"ListItem","position":3,"name":"Beats Headphones"}]},{"@type":"WebSite","@id":"https:\/\/vsegroup.vn\/#website","url":"https:\/\/vsegroup.vn\/","name":"Di\u1ec5n \u0111\u00e0n c\u00f4ng ngh\u1ec7 h\u00e0ng \u0111\u1ea7u Vi\u1ec7t Nam","description":"","potentialAction":[{"@type":"SearchAction","target":{"@type":"EntryPoint","urlTemplate":"https:\/\/vsegroup.vn\/?s={search_term_string}"},"query-input":{"@type":"PropertyValueSpecification","valueRequired":true,"valueName":"search_term_string"}}],"inLanguage":"vi"}]}},"_links":{"self":[{"href":"https:\/\/vsegroup.vn\/index.php\/wp-json\/wp\/v2\/product\/42","targetHints":{"allow":["GET"]}}],"collection":[{"href":"https:\/\/vsegroup.vn\/index.php\/wp-json\/wp\/v2\/product"}],"about":[{"href":"https:\/\/vsegroup.vn\/index.php\/wp-json\/wp\/v2\/types\/product"}],"replies":[{"embeddable":true,"href":"https:\/\/vsegroup.vn\/index.php\/wp-json\/wp\/v2\/comments?post=42"}],"version-history":[{"count":0,"href":"https:\/\/vsegroup.vn\/index.php\/wp-json\/wp\/v2\/product\/42\/revisions"}],"wp:featuredmedia":[{"embeddable":true,"href":"https:\/\/vsegroup.vn\/index.php\/wp-json\/wp\/v2\/media\/43"}],"wp:attachment":[{"href":"https:\/\/vsegroup.vn\/index.php\/wp-json\/wp\/v2\/media?parent=42"}],"wp:term":[{"taxonomy":"product_brand","embeddable":true,"href":"https:\/\/vsegroup.vn\/index.php\/wp-json\/wp\/v2\/product_brand?post=42"},{"taxonomy":"product_cat","embeddable":true,"href":"https:\/\/vsegroup.vn\/index.php\/wp-json\/wp\/v2\/product_cat?post=42"},{"taxonomy":"product_tag","embeddable":true,"href":"https:\/\/vsegroup.vn\/index.php\/wp-json\/wp\/v2\/product_tag?post=42"}],"curies":[{"name":"wp","href":"https:\/\/api.w.org\/{rel}","templated":true}]}}