{"id":33,"date":"2025-09-12T08:23:20","date_gmt":"2025-09-12T08:23:20","guid":{"rendered":"https:\/\/vsegroup.vn\/index.php\/san-pham\/macbook\/"},"modified":"2025-09-12T08:23:20","modified_gmt":"2025-09-12T08:23:20","slug":"macbook","status":"publish","type":"product","link":"https:\/\/vsegroup.vn\/index.php\/san-pham\/macbook\/","title":{"rendered":"Macbook"},"content":{"rendered":"<p>Capacity: 30 Liters<br \/>\n\t\t\tSpecial Feature: Digital Touch Panel + Timer<br \/>\n\t\t\tLorem ipsum dolor sit amet, consectetur adipiscing elit, sed do eiusmod tempor incididunt ut labore Lorem ipsum dolor sit amet, consectetur adipiscing elit, sed do&#8230;<\/p>\n","protected":false},"excerpt":{"rendered":"<p>Capacity: 30 Liters Special Feature: Digital Touch Panel + Timer Lorem ipsum dolor sit amet, consectetur adipiscing elit, sed do eiusmod tempor incididunt ut labore Lorem ipsum dolor sit amet, consectetur adipiscing elit, sed do&#8230;<\/p>\n","protected":false},"featured_media":34,"comment_status":"open","ping_status":"closed","template":"","meta":{"_bbp_topic_count":0,"_bbp_reply_count":0,"_bbp_total_topic_count":0,"_bbp_total_reply_count":0,"_bbp_voice_count":0,"_bbp_anonymous_reply_count":0,"_bbp_topic_count_hidden":0,"_bbp_reply_count_hidden":0,"_bbp_forum_subforum_count":0},"product_brand":[],"product_cat":[17],"product_tag":[],"class_list":{"0":"post-33","1":"product","2":"type-product","3":"status-publish","4":"has-post-thumbnail","6":"product_cat-mach-phan-tan-cho-loa","8":"first","9":"instock","10":"sale","11":"taxable","12":"shipping-taxable","13":"purchasable","14":"product-type-simple"},"yoast_head":"<!-- This site is optimized with the Yoast SEO plugin v25.9 - https:\/\/yoast.com\/wordpress\/plugins\/seo\/ -->\n<title>Macbook - Di\u1ec5n \u0111\u00e0n c\u00f4ng ngh\u1ec7 h\u00e0ng \u0111\u1ea7u Vi\u1ec7t Nam<\/title>\n<meta name=\"robots\" content=\"index, follow, max-snippet:-1, max-image-preview:large, max-video-preview:-1\" \/>\n<link rel=\"canonical\" href=\"https:\/\/vsegroup.vn\/index.php\/san-pham\/macbook\/\" \/>\n<meta property=\"og:locale\" content=\"vi_VN\" \/>\n<meta property=\"og:type\" content=\"article\" \/>\n<meta property=\"og:title\" content=\"Macbook - Di\u1ec5n \u0111\u00e0n c\u00f4ng ngh\u1ec7 h\u00e0ng \u0111\u1ea7u Vi\u1ec7t Nam\" \/>\n<meta property=\"og:description\" content=\"Capacity: 30 Liters Special Feature: Digital Touch Panel + Timer Lorem ipsum dolor sit amet, consectetur adipiscing elit, sed do eiusmod tempor incididunt ut labore Lorem ipsum dolor sit amet, consectetur adipiscing elit, sed do&#8230;\" \/>\n<meta property=\"og:url\" content=\"https:\/\/vsegroup.vn\/index.php\/san-pham\/macbook\/\" \/>\n<meta property=\"og:site_name\" content=\"Di\u1ec5n \u0111\u00e0n c\u00f4ng ngh\u1ec7 h\u00e0ng \u0111\u1ea7u Vi\u1ec7t Nam\" \/>\n<meta name=\"twitter:card\" content=\"summary_large_image\" \/>\n<script type=\"application\/ld+json\" class=\"yoast-schema-graph\">{\"@context\":\"https:\/\/schema.org\",\"@graph\":[{\"@type\":\"WebPage\",\"@id\":\"https:\/\/vsegroup.vn\/index.php\/san-pham\/macbook\/\",\"url\":\"https:\/\/vsegroup.vn\/index.php\/san-pham\/macbook\/\",\"name\":\"Macbook - Di\u1ec5n \u0111\u00e0n c\u00f4ng ngh\u1ec7 h\u00e0ng \u0111\u1ea7u Vi\u1ec7t Nam\",\"isPartOf\":{\"@id\":\"https:\/\/vsegroup.vn\/#website\"},\"primaryImageOfPage\":{\"@id\":\"https:\/\/vsegroup.vn\/index.php\/san-pham\/macbook\/#primaryimage\"},\"image\":{\"@id\":\"https:\/\/vsegroup.vn\/index.php\/san-pham\/macbook\/#primaryimage\"},\"thumbnailUrl\":\"https:\/\/vsegroup.vn\/wp-content\/uploads\/2025\/09\/Macbook0.png\",\"datePublished\":\"2025-09-12T08:23:20+00:00\",\"breadcrumb\":{\"@id\":\"https:\/\/vsegroup.vn\/index.php\/san-pham\/macbook\/#breadcrumb\"},\"inLanguage\":\"vi\",\"potentialAction\":[{\"@type\":\"ReadAction\",\"target\":[\"https:\/\/vsegroup.vn\/index.php\/san-pham\/macbook\/\"]}]},{\"@type\":\"ImageObject\",\"inLanguage\":\"vi\",\"@id\":\"https:\/\/vsegroup.vn\/index.php\/san-pham\/macbook\/#primaryimage\",\"url\":\"https:\/\/vsegroup.vn\/wp-content\/uploads\/2025\/09\/Macbook0.png\",\"contentUrl\":\"https:\/\/vsegroup.vn\/wp-content\/uploads\/2025\/09\/Macbook0.png\",\"width\":450,\"height\":370},{\"@type\":\"BreadcrumbList\",\"@id\":\"https:\/\/vsegroup.vn\/index.php\/san-pham\/macbook\/#breadcrumb\",\"itemListElement\":[{\"@type\":\"ListItem\",\"position\":1,\"name\":\"Trang ch\u1ee7\",\"item\":\"https:\/\/vsegroup.vn\/\"},{\"@type\":\"ListItem\",\"position\":2,\"name\":\"C\u1eeda h\u00e0ng\",\"item\":\"https:\/\/vsegroup.vn\/index.php\/cua-hang\/\"},{\"@type\":\"ListItem\",\"position\":3,\"name\":\"Macbook\"}]},{\"@type\":\"WebSite\",\"@id\":\"https:\/\/vsegroup.vn\/#website\",\"url\":\"https:\/\/vsegroup.vn\/\",\"name\":\"Di\u1ec5n \u0111\u00e0n c\u00f4ng ngh\u1ec7 h\u00e0ng \u0111\u1ea7u Vi\u1ec7t Nam\",\"description\":\"\",\"potentialAction\":[{\"@type\":\"SearchAction\",\"target\":{\"@type\":\"EntryPoint\",\"urlTemplate\":\"https:\/\/vsegroup.vn\/?s={search_term_string}\"},\"query-input\":{\"@type\":\"PropertyValueSpecification\",\"valueRequired\":true,\"valueName\":\"search_term_string\"}}],\"inLanguage\":\"vi\"}]}<\/script>\n<!-- \/ Yoast SEO plugin. -->","yoast_head_json":{"title":"Macbook - Di\u1ec5n \u0111\u00e0n c\u00f4ng ngh\u1ec7 h\u00e0ng \u0111\u1ea7u Vi\u1ec7t Nam","robots":{"index":"index","follow":"follow","max-snippet":"max-snippet:-1","max-image-preview":"max-image-preview:large","max-video-preview":"max-video-preview:-1"},"canonical":"https:\/\/vsegroup.vn\/index.php\/san-pham\/macbook\/","og_locale":"vi_VN","og_type":"article","og_title":"Macbook - Di\u1ec5n \u0111\u00e0n c\u00f4ng ngh\u1ec7 h\u00e0ng \u0111\u1ea7u Vi\u1ec7t Nam","og_description":"Capacity: 30 Liters Special Feature: Digital Touch Panel + Timer Lorem ipsum dolor sit amet, consectetur adipiscing elit, sed do eiusmod tempor incididunt ut labore Lorem ipsum dolor sit amet, consectetur adipiscing elit, sed do&#8230;","og_url":"https:\/\/vsegroup.vn\/index.php\/san-pham\/macbook\/","og_site_name":"Di\u1ec5n \u0111\u00e0n c\u00f4ng ngh\u1ec7 h\u00e0ng \u0111\u1ea7u Vi\u1ec7t Nam","twitter_card":"summary_large_image","schema":{"@context":"https:\/\/schema.org","@graph":[{"@type":"WebPage","@id":"https:\/\/vsegroup.vn\/index.php\/san-pham\/macbook\/","url":"https:\/\/vsegroup.vn\/index.php\/san-pham\/macbook\/","name":"Macbook - Di\u1ec5n \u0111\u00e0n c\u00f4ng ngh\u1ec7 h\u00e0ng \u0111\u1ea7u Vi\u1ec7t Nam","isPartOf":{"@id":"https:\/\/vsegroup.vn\/#website"},"primaryImageOfPage":{"@id":"https:\/\/vsegroup.vn\/index.php\/san-pham\/macbook\/#primaryimage"},"image":{"@id":"https:\/\/vsegroup.vn\/index.php\/san-pham\/macbook\/#primaryimage"},"thumbnailUrl":"https:\/\/vsegroup.vn\/wp-content\/uploads\/2025\/09\/Macbook0.png","datePublished":"2025-09-12T08:23:20+00:00","breadcrumb":{"@id":"https:\/\/vsegroup.vn\/index.php\/san-pham\/macbook\/#breadcrumb"},"inLanguage":"vi","potentialAction":[{"@type":"ReadAction","target":["https:\/\/vsegroup.vn\/index.php\/san-pham\/macbook\/"]}]},{"@type":"ImageObject","inLanguage":"vi","@id":"https:\/\/vsegroup.vn\/index.php\/san-pham\/macbook\/#primaryimage","url":"https:\/\/vsegroup.vn\/wp-content\/uploads\/2025\/09\/Macbook0.png","contentUrl":"https:\/\/vsegroup.vn\/wp-content\/uploads\/2025\/09\/Macbook0.png","width":450,"height":370},{"@type":"BreadcrumbList","@id":"https:\/\/vsegroup.vn\/index.php\/san-pham\/macbook\/#breadcrumb","itemListElement":[{"@type":"ListItem","position":1,"name":"Trang ch\u1ee7","item":"https:\/\/vsegroup.vn\/"},{"@type":"ListItem","position":2,"name":"C\u1eeda h\u00e0ng","item":"https:\/\/vsegroup.vn\/index.php\/cua-hang\/"},{"@type":"ListItem","position":3,"name":"Macbook"}]},{"@type":"WebSite","@id":"https:\/\/vsegroup.vn\/#website","url":"https:\/\/vsegroup.vn\/","name":"Di\u1ec5n \u0111\u00e0n c\u00f4ng ngh\u1ec7 h\u00e0ng \u0111\u1ea7u Vi\u1ec7t Nam","description":"","potentialAction":[{"@type":"SearchAction","target":{"@type":"EntryPoint","urlTemplate":"https:\/\/vsegroup.vn\/?s={search_term_string}"},"query-input":{"@type":"PropertyValueSpecification","valueRequired":true,"valueName":"search_term_string"}}],"inLanguage":"vi"}]}},"_links":{"self":[{"href":"https:\/\/vsegroup.vn\/index.php\/wp-json\/wp\/v2\/product\/33","targetHints":{"allow":["GET"]}}],"collection":[{"href":"https:\/\/vsegroup.vn\/index.php\/wp-json\/wp\/v2\/product"}],"about":[{"href":"https:\/\/vsegroup.vn\/index.php\/wp-json\/wp\/v2\/types\/product"}],"replies":[{"embeddable":true,"href":"https:\/\/vsegroup.vn\/index.php\/wp-json\/wp\/v2\/comments?post=33"}],"version-history":[{"count":0,"href":"https:\/\/vsegroup.vn\/index.php\/wp-json\/wp\/v2\/product\/33\/revisions"}],"wp:featuredmedia":[{"embeddable":true,"href":"https:\/\/vsegroup.vn\/index.php\/wp-json\/wp\/v2\/media\/34"}],"wp:attachment":[{"href":"https:\/\/vsegroup.vn\/index.php\/wp-json\/wp\/v2\/media?parent=33"}],"wp:term":[{"taxonomy":"product_brand","embeddable":true,"href":"https:\/\/vsegroup.vn\/index.php\/wp-json\/wp\/v2\/product_brand?post=33"},{"taxonomy":"product_cat","embeddable":true,"href":"https:\/\/vsegroup.vn\/index.php\/wp-json\/wp\/v2\/product_cat?post=33"},{"taxonomy":"product_tag","embeddable":true,"href":"https:\/\/vsegroup.vn\/index.php\/wp-json\/wp\/v2\/product_tag?post=33"}],"curies":[{"name":"wp","href":"https:\/\/api.w.org\/{rel}","templated":true}]}}