{"id":8,"date":"2025-09-12T08:09:38","date_gmt":"2025-09-12T08:09:38","guid":{"rendered":"https:\/\/vsegroup.vn\/index.php\/gio-hang\/"},"modified":"2025-09-12T08:49:16","modified_gmt":"2025-09-12T08:49:16","slug":"gio-hang","status":"publish","type":"page","link":"https:\/\/vsegroup.vn\/index.php\/gio-hang\/","title":{"rendered":"Gi\u1ecf h\u00e0ng"},"content":{"rendered":"\n<div data-block-name=\"woocommerce\/cart\" class=\"wp-block-woocommerce-cart alignwide is-loading\">\n<div data-block-name=\"woocommerce\/filled-cart-block\" class=\"wp-block-woocommerce-filled-cart-block\">\n<div data-block-name=\"woocommerce\/cart-items-block\" class=\"wp-block-woocommerce-cart-items-block\">\n<div data-block-name=\"woocommerce\/cart-line-items-block\" class=\"wp-block-woocommerce-cart-line-items-block\"><\/div>\n\n\n\n<div data-block-name=\"woocommerce\/cart-cross-sells-block\" class=\"wp-block-woocommerce-cart-cross-sells-block\">\n<h2 class=\"wp-block-heading has-large-font-size\">B\u1ea1n c\u00f3 th\u1ec3 quan t\u00e2m \u0111\u1ebfn\u2026<\/h2>\n\n\n\n<div data-block-name=\"woocommerce\/cart-cross-sells-products-block\" class=\"wp-block-woocommerce-cart-cross-sells-products-block\"><\/div>\n<\/div>\n<\/div>\n\n\n\n<div data-block-name=\"woocommerce\/cart-totals-block\" class=\"wp-block-woocommerce-cart-totals-block\">\n<div data-block-name=\"woocommerce\/cart-order-summary-block\" class=\"wp-block-woocommerce-cart-order-summary-block\">\n<div data-block-name=\"woocommerce\/cart-order-summary-heading-block\" class=\"wp-block-woocommerce-cart-order-summary-heading-block\"><\/div><div data-block-name=\"woocommerce\/cart-order-summary-coupon-form-block\" class=\"wp-block-woocommerce-cart-order-summary-coupon-form-block\"><\/div><div data-block-name=\"woocommerce\/cart-order-summary-totals-block\" class=\"wp-block-woocommerce-cart-order-summary-totals-block\">\n<div data-block-name=\"woocommerce\/cart-order-summary-subtotal-block\" class=\"wp-block-woocommerce-cart-order-summary-subtotal-block\"><\/div>\n<div data-block-name=\"woocommerce\/cart-order-summary-discount-block\" class=\"wp-block-woocommerce-cart-order-summary-discount-block\"><\/div>\n<div data-block-name=\"woocommerce\/cart-order-summary-fee-block\" class=\"wp-block-woocommerce-cart-order-summary-fee-block\"><\/div>\n<div data-block-name=\"woocommerce\/cart-order-summary-shipping-block\" class=\"wp-block-woocommerce-cart-order-summary-shipping-block\"><\/div>\n<div data-block-name=\"woocommerce\/cart-order-summary-taxes-block\" class=\"wp-block-woocommerce-cart-order-summary-taxes-block\"><\/div><\/div>\n<\/div>\n\n\n\n<div data-block-name=\"woocommerce\/cart-express-payment-block\" class=\"wp-block-woocommerce-cart-express-payment-block\"><\/div>\n\n\n\n<div data-block-name=\"woocommerce\/proceed-to-checkout-block\" class=\"wp-block-woocommerce-proceed-to-checkout-block\"><\/div>\n\n\n\n<div data-block-name=\"woocommerce\/cart-accepted-payment-methods-block\" class=\"wp-block-woocommerce-cart-accepted-payment-methods-block\"><\/div>\n<\/div>\n<\/div>\n\n\n\n<div data-block-name=\"woocommerce\/empty-cart-block\" class=\"wp-block-woocommerce-empty-cart-block\">\n<h2 class=\"wp-block-heading has-text-align-center with-empty-cart-icon wc-block-cart__empty-cart__title\">Gi\u1ecf h\u00e0ng hi\u1ec7n t\u1ea1i ch\u01b0a c\u00f3 s\u1ea3n ph\u1ea9m n\u00e0o!<\/h2>\n\n\n\n<hr class=\"wp-block-separator has-alpha-channel-opacity is-style-dots\"\/>\n\n\n\n<h2 class=\"wp-block-heading has-text-align-center\">M\u1edbi trong c\u1eeda h\u00e0ng<\/h2>\n\n\n<div data-block-name=\"woocommerce\/product-new\" data-columns=\"4\" data-rows=\"1\" class=\"wc-block-grid wp-block-product-new wp-block-woocommerce-product-new wc-block-product-new has-4-columns\"><ul class=\"wc-block-grid__products\"><li class=\"wc-block-grid__product\">\n\t\t\t\t<a href=\"https:\/\/vsegroup.vn\/index.php\/san-pham\/onida-max-machine\/\" class=\"wc-block-grid__product-link\">\n\t\t\t\t\t<div class=\"wc-block-grid__product-onsale\">\n\t\t\t<span aria-hidden=\"true\">Khuy\u1ebfn m\u1ea1i<\/span>\n\t\t\t<span class=\"screen-reader-text\">S\u1ea3n ph\u1ea9m \u0111ang gi\u1ea3m gi\u00e1<\/span>\n\t\t<\/div>\n\t\t\t\t\t<div class=\"wc-block-grid__product-image\"><img fetchpriority=\"high\" decoding=\"async\" width=\"300\" height=\"300\" src=\"https:\/\/vsegroup.vn\/wp-content\/uploads\/2025\/09\/Onida-Max-Machine2-300x300.png\" class=\"attachment-woocommerce_thumbnail size-woocommerce_thumbnail\" alt=\"Onida Max Machine\" srcset=\"https:\/\/vsegroup.vn\/wp-content\/uploads\/2025\/09\/Onida-Max-Machine2-300x300.png 300w, https:\/\/vsegroup.vn\/wp-content\/uploads\/2025\/09\/Onida-Max-Machine2-150x150.png 150w, https:\/\/vsegroup.vn\/wp-content\/uploads\/2025\/09\/Onida-Max-Machine2-100x100.png 100w\" sizes=\"(max-width: 300px) 100vw, 300px\" \/><\/div>\n\t\t\t\t\t<div class=\"wc-block-grid__product-title\">Onida Max Machine<\/div>\n\t\t\t\t<\/a>\n\t\t\t\t<div class=\"wc-block-grid__product-price price\"><span class=\"woocs_price_code\" data-currency=\"\" data-redraw-id=\"69e4ae6a3d37b\" data-product-id=\"65\"><del aria-hidden=\"true\"><span class=\"woocommerce-Price-amount amount\">299,00<span class=\"woocommerce-Price-currencySymbol\">&#036;<\/span><\/span><\/del> <span class=\"screen-reader-text\">Gi\u00e1 g\u1ed1c l\u00e0: 299,00&#036;.<\/span><ins aria-hidden=\"true\"><span class=\"woocommerce-Price-amount amount\">99,00<span class=\"woocommerce-Price-currencySymbol\">&#036;<\/span><\/span><\/ins><span class=\"screen-reader-text\">Gi\u00e1 hi\u1ec7n t\u1ea1i l\u00e0: 99,00&#036;.<\/span><\/span><\/div>\n\t\t\t\t<div class=\"wc-block-grid__product-rating\"><div class=\"star-rating\" role=\"img\" aria-label=\"\u0110\u01b0\u1ee3c x\u1ebfp h\u1ea1ng 5.00 5 sao\"><span style=\"width:100%\"><strong class=\"rating\">5.00<\/strong> tr\u00ean 5 d\u1ef1a tr\u00ean <span class=\"rating\">4<\/span> \u0111\u00e1nh gi\u00e1<\/span><\/div><\/div>\n\t\t\t\t<div class=\"wp-block-button wc-block-grid__product-add-to-cart\"><a href=\"\/index.php\/wp-json\/wp\/v2\/pages\/8?add-to-cart=65\" aria-label=\"Th\u00eam v\u00e0o gi\u1ecf h\u00e0ng: &ldquo;Onida Max Machine&rdquo;\" data-quantity=\"1\" data-product_id=\"65\" data-product_sku=\"\" data-price=\"99\" rel=\"nofollow\" class=\"wp-block-button__link wp-element-button add_to_cart_button ajax_add_to_cart\">Th\u00eam v\u00e0o gi\u1ecf h\u00e0ng<\/a><\/div>\n\t\t\t<\/li><li class=\"wc-block-grid__product\">\n\t\t\t\t<a href=\"https:\/\/vsegroup.vn\/index.php\/san-pham\/samsung-vertical\/\" class=\"wc-block-grid__product-link\">\n\t\t\t\t\t<div class=\"wc-block-grid__product-onsale\">\n\t\t\t<span aria-hidden=\"true\">Khuy\u1ebfn m\u1ea1i<\/span>\n\t\t\t<span class=\"screen-reader-text\">S\u1ea3n ph\u1ea9m \u0111ang gi\u1ea3m gi\u00e1<\/span>\n\t\t<\/div>\n\t\t\t\t\t<div class=\"wc-block-grid__product-image\"><img decoding=\"async\" width=\"300\" height=\"300\" src=\"https:\/\/vsegroup.vn\/wp-content\/uploads\/2025\/09\/Samsung-Vertical1-300x300.png\" class=\"attachment-woocommerce_thumbnail size-woocommerce_thumbnail\" alt=\"Samsung Vertical\" srcset=\"https:\/\/vsegroup.vn\/wp-content\/uploads\/2025\/09\/Samsung-Vertical1-300x300.png 300w, https:\/\/vsegroup.vn\/wp-content\/uploads\/2025\/09\/Samsung-Vertical1-150x150.png 150w, https:\/\/vsegroup.vn\/wp-content\/uploads\/2025\/09\/Samsung-Vertical1-100x100.png 100w\" sizes=\"(max-width: 300px) 100vw, 300px\" \/><\/div>\n\t\t\t\t\t<div class=\"wc-block-grid__product-title\">Samsung Vertical<\/div>\n\t\t\t\t<\/a>\n\t\t\t\t<div class=\"wc-block-grid__product-price price\"><span class=\"woocs_price_code\" data-currency=\"\" data-redraw-id=\"69e4ae6a3e0ef\" data-product-id=\"63\"><del aria-hidden=\"true\"><span class=\"woocommerce-Price-amount amount\">299,00<span class=\"woocommerce-Price-currencySymbol\">&#036;<\/span><\/span><\/del> <span class=\"screen-reader-text\">Gi\u00e1 g\u1ed1c l\u00e0: 299,00&#036;.<\/span><ins aria-hidden=\"true\"><span class=\"woocommerce-Price-amount amount\">99,00<span class=\"woocommerce-Price-currencySymbol\">&#036;<\/span><\/span><\/ins><span class=\"screen-reader-text\">Gi\u00e1 hi\u1ec7n t\u1ea1i l\u00e0: 99,00&#036;.<\/span><\/span><\/div>\n\t\t\t\t<div class=\"wc-block-grid__product-rating\"><div class=\"star-rating\" role=\"img\" aria-label=\"\u0110\u01b0\u1ee3c x\u1ebfp h\u1ea1ng 5.00 5 sao\"><span style=\"width:100%\"><strong class=\"rating\">5.00<\/strong> tr\u00ean 5 d\u1ef1a tr\u00ean <span class=\"rating\">4<\/span> \u0111\u00e1nh gi\u00e1<\/span><\/div><\/div>\n\t\t\t\t<div class=\"wp-block-button wc-block-grid__product-add-to-cart\"><a href=\"\/index.php\/wp-json\/wp\/v2\/pages\/8?add-to-cart=63\" aria-label=\"Th\u00eam v\u00e0o gi\u1ecf h\u00e0ng: &ldquo;Samsung Vertical&rdquo;\" data-quantity=\"1\" data-product_id=\"63\" data-product_sku=\"\" data-price=\"99\" rel=\"nofollow\" class=\"wp-block-button__link wp-element-button add_to_cart_button ajax_add_to_cart\">Th\u00eam v\u00e0o gi\u1ecf h\u00e0ng<\/a><\/div>\n\t\t\t<\/li><li class=\"wc-block-grid__product\">\n\t\t\t\t<a href=\"https:\/\/vsegroup.vn\/index.php\/san-pham\/hitmax-machine\/\" class=\"wc-block-grid__product-link\">\n\t\t\t\t\t<div class=\"wc-block-grid__product-onsale\">\n\t\t\t<span aria-hidden=\"true\">Khuy\u1ebfn m\u1ea1i<\/span>\n\t\t\t<span class=\"screen-reader-text\">S\u1ea3n ph\u1ea9m \u0111ang gi\u1ea3m gi\u00e1<\/span>\n\t\t<\/div>\n\t\t\t\t\t<div class=\"wc-block-grid__product-image\"><img decoding=\"async\" width=\"300\" height=\"300\" src=\"https:\/\/vsegroup.vn\/wp-content\/uploads\/2025\/09\/Hitmax-Machine0-300x300.png\" class=\"attachment-woocommerce_thumbnail size-woocommerce_thumbnail\" alt=\"Hitmax Machine\" srcset=\"https:\/\/vsegroup.vn\/wp-content\/uploads\/2025\/09\/Hitmax-Machine0-300x300.png 300w, https:\/\/vsegroup.vn\/wp-content\/uploads\/2025\/09\/Hitmax-Machine0-150x150.png 150w, https:\/\/vsegroup.vn\/wp-content\/uploads\/2025\/09\/Hitmax-Machine0-100x100.png 100w\" sizes=\"(max-width: 300px) 100vw, 300px\" \/><\/div>\n\t\t\t\t\t<div class=\"wc-block-grid__product-title\">Hitmax Machine<\/div>\n\t\t\t\t<\/a>\n\t\t\t\t<div class=\"wc-block-grid__product-price price\"><span class=\"woocs_price_code\" data-currency=\"\" data-redraw-id=\"69e4ae6a3f4cf\" data-product-id=\"61\"><del aria-hidden=\"true\"><span class=\"woocommerce-Price-amount amount\">299,00<span class=\"woocommerce-Price-currencySymbol\">&#036;<\/span><\/span><\/del> <span class=\"screen-reader-text\">Gi\u00e1 g\u1ed1c l\u00e0: 299,00&#036;.<\/span><ins aria-hidden=\"true\"><span class=\"woocommerce-Price-amount amount\">99,00<span class=\"woocommerce-Price-currencySymbol\">&#036;<\/span><\/span><\/ins><span class=\"screen-reader-text\">Gi\u00e1 hi\u1ec7n t\u1ea1i l\u00e0: 99,00&#036;.<\/span><\/span><\/div>\n\t\t\t\t<div class=\"wc-block-grid__product-rating\"><div class=\"star-rating\" role=\"img\" aria-label=\"\u0110\u01b0\u1ee3c x\u1ebfp h\u1ea1ng 5.00 5 sao\"><span style=\"width:100%\"><strong class=\"rating\">5.00<\/strong> tr\u00ean 5 d\u1ef1a tr\u00ean <span class=\"rating\">4<\/span> \u0111\u00e1nh gi\u00e1<\/span><\/div><\/div>\n\t\t\t\t<div class=\"wp-block-button wc-block-grid__product-add-to-cart\"><a href=\"\/index.php\/wp-json\/wp\/v2\/pages\/8?add-to-cart=61\" aria-label=\"Th\u00eam v\u00e0o gi\u1ecf h\u00e0ng: &ldquo;Hitmax Machine&rdquo;\" data-quantity=\"1\" data-product_id=\"61\" data-product_sku=\"\" data-price=\"99\" rel=\"nofollow\" class=\"wp-block-button__link wp-element-button add_to_cart_button ajax_add_to_cart\">Th\u00eam v\u00e0o gi\u1ecf h\u00e0ng<\/a><\/div>\n\t\t\t<\/li><li class=\"wc-block-grid__product\">\n\t\t\t\t<a href=\"https:\/\/vsegroup.vn\/index.php\/san-pham\/maximus-air-pro\/\" class=\"wc-block-grid__product-link\">\n\t\t\t\t\t<div class=\"wc-block-grid__product-onsale\">\n\t\t\t<span aria-hidden=\"true\">Khuy\u1ebfn m\u1ea1i<\/span>\n\t\t\t<span class=\"screen-reader-text\">S\u1ea3n ph\u1ea9m \u0111ang gi\u1ea3m gi\u00e1<\/span>\n\t\t<\/div>\n\t\t\t\t\t<div class=\"wc-block-grid__product-image\"><img loading=\"lazy\" decoding=\"async\" width=\"300\" height=\"300\" src=\"https:\/\/vsegroup.vn\/wp-content\/uploads\/2025\/09\/Maximus-Air-Pro2-300x300.png\" class=\"attachment-woocommerce_thumbnail size-woocommerce_thumbnail\" alt=\"Maximus Air Pro\" srcset=\"https:\/\/vsegroup.vn\/wp-content\/uploads\/2025\/09\/Maximus-Air-Pro2-300x300.png 300w, https:\/\/vsegroup.vn\/wp-content\/uploads\/2025\/09\/Maximus-Air-Pro2-150x150.png 150w, https:\/\/vsegroup.vn\/wp-content\/uploads\/2025\/09\/Maximus-Air-Pro2-100x100.png 100w\" sizes=\"(max-width: 300px) 100vw, 300px\" \/><\/div>\n\t\t\t\t\t<div class=\"wc-block-grid__product-title\">Maximus Air Pro<\/div>\n\t\t\t\t<\/a>\n\t\t\t\t<div class=\"wc-block-grid__product-price price\"><span class=\"woocs_price_code\" data-currency=\"\" data-redraw-id=\"69e4ae6a40159\" data-product-id=\"58\"><del aria-hidden=\"true\"><span class=\"woocommerce-Price-amount amount\">299,00<span class=\"woocommerce-Price-currencySymbol\">&#036;<\/span><\/span><\/del> <span class=\"screen-reader-text\">Gi\u00e1 g\u1ed1c l\u00e0: 299,00&#036;.<\/span><ins aria-hidden=\"true\"><span class=\"woocommerce-Price-amount amount\">99,00<span class=\"woocommerce-Price-currencySymbol\">&#036;<\/span><\/span><\/ins><span class=\"screen-reader-text\">Gi\u00e1 hi\u1ec7n t\u1ea1i l\u00e0: 99,00&#036;.<\/span><\/span><\/div>\n\t\t\t\t<div class=\"wc-block-grid__product-rating\"><div class=\"star-rating\" role=\"img\" aria-label=\"\u0110\u01b0\u1ee3c x\u1ebfp h\u1ea1ng 5.00 5 sao\"><span style=\"width:100%\"><strong class=\"rating\">5.00<\/strong> tr\u00ean 5 d\u1ef1a tr\u00ean <span class=\"rating\">4<\/span> \u0111\u00e1nh gi\u00e1<\/span><\/div><\/div>\n\t\t\t\t<div class=\"wp-block-button wc-block-grid__product-add-to-cart\"><a href=\"\/index.php\/wp-json\/wp\/v2\/pages\/8?add-to-cart=58\" aria-label=\"Th\u00eam v\u00e0o gi\u1ecf h\u00e0ng: &ldquo;Maximus Air Pro&rdquo;\" data-quantity=\"1\" data-product_id=\"58\" data-product_sku=\"\" data-price=\"99\" rel=\"nofollow\" class=\"wp-block-button__link wp-element-button add_to_cart_button ajax_add_to_cart\">Th\u00eam v\u00e0o gi\u1ecf h\u00e0ng<\/a><\/div>\n\t\t\t<\/li><\/ul><\/div><\/div>\n<\/div>\n","protected":false},"excerpt":{"rendered":"","protected":false},"author":1,"featured_media":0,"parent":0,"menu_order":0,"comment_status":"closed","ping_status":"closed","template":"","meta":{"_bbp_topic_count":0,"_bbp_reply_count":0,"_bbp_total_topic_count":0,"_bbp_total_reply_count":0,"_bbp_voice_count":0,"_bbp_anonymous_reply_count":0,"_bbp_topic_count_hidden":0,"_bbp_reply_count_hidden":0,"_bbp_forum_subforum_count":0,"footnotes":""},"class_list":["post-8","page","type-page","status-publish","hentry"],"yoast_head":"<!-- This site is optimized with the Yoast SEO plugin v25.9 - https:\/\/yoast.com\/wordpress\/plugins\/seo\/ -->\n<title>Gi\u1ecf h\u00e0ng - Di\u1ec5n \u0111\u00e0n c\u00f4ng ngh\u1ec7 h\u00e0ng \u0111\u1ea7u Vi\u1ec7t Nam<\/title>\n<meta name=\"robots\" content=\"index, follow, max-snippet:-1, max-image-preview:large, max-video-preview:-1\" \/>\n<link rel=\"canonical\" href=\"https:\/\/vsegroup.vn\/index.php\/gio-hang\/\" \/>\n<meta property=\"og:locale\" content=\"vi_VN\" \/>\n<meta property=\"og:type\" content=\"article\" \/>\n<meta property=\"og:title\" content=\"Gi\u1ecf h\u00e0ng - Di\u1ec5n \u0111\u00e0n c\u00f4ng ngh\u1ec7 h\u00e0ng \u0111\u1ea7u Vi\u1ec7t Nam\" \/>\n<meta property=\"og:url\" content=\"https:\/\/vsegroup.vn\/index.php\/gio-hang\/\" \/>\n<meta property=\"og:site_name\" content=\"Di\u1ec5n \u0111\u00e0n c\u00f4ng ngh\u1ec7 h\u00e0ng \u0111\u1ea7u Vi\u1ec7t Nam\" \/>\n<meta property=\"article:modified_time\" content=\"2025-09-12T08:49:16+00:00\" \/>\n<meta name=\"twitter:card\" content=\"summary_large_image\" \/>\n<script type=\"application\/ld+json\" class=\"yoast-schema-graph\">{\"@context\":\"https:\/\/schema.org\",\"@graph\":[{\"@type\":\"WebPage\",\"@id\":\"https:\/\/vsegroup.vn\/index.php\/gio-hang\/\",\"url\":\"https:\/\/vsegroup.vn\/index.php\/gio-hang\/\",\"name\":\"Gi\u1ecf h\u00e0ng - Di\u1ec5n \u0111\u00e0n c\u00f4ng ngh\u1ec7 h\u00e0ng \u0111\u1ea7u Vi\u1ec7t Nam\",\"isPartOf\":{\"@id\":\"https:\/\/vsegroup.vn\/#website\"},\"datePublished\":\"2025-09-12T08:09:38+00:00\",\"dateModified\":\"2025-09-12T08:49:16+00:00\",\"breadcrumb\":{\"@id\":\"https:\/\/vsegroup.vn\/index.php\/gio-hang\/#breadcrumb\"},\"inLanguage\":\"vi\",\"potentialAction\":[{\"@type\":\"ReadAction\",\"target\":[\"https:\/\/vsegroup.vn\/index.php\/gio-hang\/\"]}]},{\"@type\":\"BreadcrumbList\",\"@id\":\"https:\/\/vsegroup.vn\/index.php\/gio-hang\/#breadcrumb\",\"itemListElement\":[{\"@type\":\"ListItem\",\"position\":1,\"name\":\"Trang ch\u1ee7\",\"item\":\"https:\/\/vsegroup.vn\/\"},{\"@type\":\"ListItem\",\"position\":2,\"name\":\"Gi\u1ecf h\u00e0ng\"}]},{\"@type\":\"WebSite\",\"@id\":\"https:\/\/vsegroup.vn\/#website\",\"url\":\"https:\/\/vsegroup.vn\/\",\"name\":\"Di\u1ec5n \u0111\u00e0n c\u00f4ng ngh\u1ec7 h\u00e0ng \u0111\u1ea7u Vi\u1ec7t Nam\",\"description\":\"\",\"potentialAction\":[{\"@type\":\"SearchAction\",\"target\":{\"@type\":\"EntryPoint\",\"urlTemplate\":\"https:\/\/vsegroup.vn\/?s={search_term_string}\"},\"query-input\":{\"@type\":\"PropertyValueSpecification\",\"valueRequired\":true,\"valueName\":\"search_term_string\"}}],\"inLanguage\":\"vi\"}]}<\/script>\n<!-- \/ Yoast SEO plugin. -->","yoast_head_json":{"title":"Gi\u1ecf h\u00e0ng - Di\u1ec5n \u0111\u00e0n c\u00f4ng ngh\u1ec7 h\u00e0ng \u0111\u1ea7u Vi\u1ec7t Nam","robots":{"index":"index","follow":"follow","max-snippet":"max-snippet:-1","max-image-preview":"max-image-preview:large","max-video-preview":"max-video-preview:-1"},"canonical":"https:\/\/vsegroup.vn\/index.php\/gio-hang\/","og_locale":"vi_VN","og_type":"article","og_title":"Gi\u1ecf h\u00e0ng - Di\u1ec5n \u0111\u00e0n c\u00f4ng ngh\u1ec7 h\u00e0ng \u0111\u1ea7u Vi\u1ec7t Nam","og_url":"https:\/\/vsegroup.vn\/index.php\/gio-hang\/","og_site_name":"Di\u1ec5n \u0111\u00e0n c\u00f4ng ngh\u1ec7 h\u00e0ng \u0111\u1ea7u Vi\u1ec7t Nam","article_modified_time":"2025-09-12T08:49:16+00:00","twitter_card":"summary_large_image","schema":{"@context":"https:\/\/schema.org","@graph":[{"@type":"WebPage","@id":"https:\/\/vsegroup.vn\/index.php\/gio-hang\/","url":"https:\/\/vsegroup.vn\/index.php\/gio-hang\/","name":"Gi\u1ecf h\u00e0ng - Di\u1ec5n \u0111\u00e0n c\u00f4ng ngh\u1ec7 h\u00e0ng \u0111\u1ea7u Vi\u1ec7t Nam","isPartOf":{"@id":"https:\/\/vsegroup.vn\/#website"},"datePublished":"2025-09-12T08:09:38+00:00","dateModified":"2025-09-12T08:49:16+00:00","breadcrumb":{"@id":"https:\/\/vsegroup.vn\/index.php\/gio-hang\/#breadcrumb"},"inLanguage":"vi","potentialAction":[{"@type":"ReadAction","target":["https:\/\/vsegroup.vn\/index.php\/gio-hang\/"]}]},{"@type":"BreadcrumbList","@id":"https:\/\/vsegroup.vn\/index.php\/gio-hang\/#breadcrumb","itemListElement":[{"@type":"ListItem","position":1,"name":"Trang ch\u1ee7","item":"https:\/\/vsegroup.vn\/"},{"@type":"ListItem","position":2,"name":"Gi\u1ecf h\u00e0ng"}]},{"@type":"WebSite","@id":"https:\/\/vsegroup.vn\/#website","url":"https:\/\/vsegroup.vn\/","name":"Di\u1ec5n \u0111\u00e0n c\u00f4ng ngh\u1ec7 h\u00e0ng \u0111\u1ea7u Vi\u1ec7t Nam","description":"","potentialAction":[{"@type":"SearchAction","target":{"@type":"EntryPoint","urlTemplate":"https:\/\/vsegroup.vn\/?s={search_term_string}"},"query-input":{"@type":"PropertyValueSpecification","valueRequired":true,"valueName":"search_term_string"}}],"inLanguage":"vi"}]}},"_links":{"self":[{"href":"https:\/\/vsegroup.vn\/index.php\/wp-json\/wp\/v2\/pages\/8","targetHints":{"allow":["GET"]}}],"collection":[{"href":"https:\/\/vsegroup.vn\/index.php\/wp-json\/wp\/v2\/pages"}],"about":[{"href":"https:\/\/vsegroup.vn\/index.php\/wp-json\/wp\/v2\/types\/page"}],"author":[{"embeddable":true,"href":"https:\/\/vsegroup.vn\/index.php\/wp-json\/wp\/v2\/users\/1"}],"replies":[{"embeddable":true,"href":"https:\/\/vsegroup.vn\/index.php\/wp-json\/wp\/v2\/comments?post=8"}],"version-history":[{"count":1,"href":"https:\/\/vsegroup.vn\/index.php\/wp-json\/wp\/v2\/pages\/8\/revisions"}],"predecessor-version":[{"id":121,"href":"https:\/\/vsegroup.vn\/index.php\/wp-json\/wp\/v2\/pages\/8\/revisions\/121"}],"wp:attachment":[{"href":"https:\/\/vsegroup.vn\/index.php\/wp-json\/wp\/v2\/media?parent=8"}],"curies":[{"name":"wp","href":"https:\/\/api.w.org\/{rel}","templated":true}]}}